{"id":867,"date":"2014-05-30T18:32:58","date_gmt":"2014-05-30T22:32:58","guid":{"rendered":"http:\/\/www.bauser.cl\/?post_type=product&#038;p=867"},"modified":"2022-01-13T09:52:33","modified_gmt":"2022-01-13T13:52:33","slug":"lomo-de-ciervo","status":"publish","type":"product","link":"http:\/\/www.bauser.cl\/?product=lomo-de-ciervo","title":{"rendered":"Lomo de Ciervo (precio por Kg)"},"content":{"rendered":"","protected":false},"excerpt":{"rendered":"<p>Corresponde a los lomos del Ciervo Rojo o Ciervo Dama. El producto vienen una bolsa termo contra\u00edble, sellada al vac\u00edo y congelada. Consultar antes de agregar al carrito debido a que las bolsas var\u00edan en precio seg\u00fan peso de los cortes.<\/p>\n","protected":false},"featured_media":868,"comment_status":"closed","ping_status":"closed","template":"","meta":[],"_links":{"self":[{"href":"http:\/\/www.bauser.cl\/index.php?rest_route=\/wp\/v2\/product\/867"}],"collection":[{"href":"http:\/\/www.bauser.cl\/index.php?rest_route=\/wp\/v2\/product"}],"about":[{"href":"http:\/\/www.bauser.cl\/index.php?rest_route=\/wp\/v2\/types\/product"}],"replies":[{"embeddable":true,"href":"http:\/\/www.bauser.cl\/index.php?rest_route=%2Fwp%2Fv2%2Fcomments&post=867"}],"wp:featuredmedia":[{"embeddable":true,"href":"http:\/\/www.bauser.cl\/index.php?rest_route=\/wp\/v2\/media\/868"}],"wp:attachment":[{"href":"http:\/\/www.bauser.cl\/index.php?rest_route=%2Fwp%2Fv2%2Fmedia&parent=867"}],"curies":[{"name":"wp","href":"https:\/\/api.w.org\/{rel}","templated":true}]}}