{"id":590,"date":"2014-05-13T04:08:27","date_gmt":"2014-05-13T08:08:27","guid":{"rendered":"http:\/\/www.bauser.cl\/?post_type=product&#038;p=590"},"modified":"2025-01-02T10:06:54","modified_gmt":"2025-01-02T14:06:54","slug":"salame-de-ciervo-jabali-laminado","status":"publish","type":"product","link":"http:\/\/www.bauser.cl\/?product=salame-de-ciervo-jabali-laminado","title":{"rendered":"Salame de Ciervo \u2013 Jabal\u00ed Laminado"},"content":{"rendered":"<p>El Salame de Ciervo-Jabal\u00ed viene elaborado a partir de la combinaci\u00f3n de carnes molidas de ciervo y jabal\u00ed, combinadas con pimientas, nuez moscada, sal de cura y algo de vino. Lograda la liga esta es embutida en tripa de col\u00e1geno, madurado a oscuras, bajo condiciones de temperatura y humedad controladas para ser luego ahumado en frio con humo de le\u00f1as nativas del sur de Chile.<\/p>\n<p>De color rojo oscuro con cuadros blancos, su sabor es caracter\u00edstico del salame pero sin llegar a ser aceitoso, de\u00a0mayor complejidad de sabores y aromas, notas\u00a0espaciadas, algo de nuez moscada y clavo de olor, muy buena persistencia y estructura. Consistente con su origen natural es bajo en su contenido graso y de colesterol, pero tambi\u00e9n alto en prote\u00ednas, sin trazas de ning\u00fan producto artificial.<\/p>\n<p><span style=\"line-height: 1.714285714; font-size: 0.9rem;\">Nuestro Sommelier Eduardo Alfaro, sugiere acompa\u00f1ar el Salame de Ciervo-Jabal\u00ed\u00a0con \u00a0ensamblajes en base a Syrah, \u00a0Carmen\u00e9re\u00a0 y\u00a0Carignan. <\/span><\/p>\n<p>Al ser un producto curado en sal, no es recomendable para personas que deban seguir una dieta baja en Sodio.<\/p>\n<p>&nbsp;<\/p>\n<p>&nbsp;<\/p>\n","protected":false},"excerpt":{"rendered":"<p>Su presentaci\u00f3n es en Sachet de 100 g de rodajes de este embutido envasadas al vac\u00edo, listas para ser servidas en una tabla de aperitivos o en sandwich gourmet acompa\u00f1ado con hojas verdes tales como berros, r\u00faculas y aceite de oliva.<\/p>\n<p><strong>Instrucci\u00f3n de conservaci\u00f3n:<\/strong> Se puede conservar a temperatura ambiente, en un lugar fresco y seco. Una vez abierto se recomienda refrigerar y mantener tapado con film para evitar su deshidrataci\u00f3n.<\/p>\n<p><strong>Per\u00edodo de conservaci\u00f3n:<\/strong> 6 meses en su envase original a contar de la fecha de elaboraci\u00f3n impresa en la etiqueta.<\/p>\n<p>*Los precios incluyen el valor del IVA,<br \/>\n*Los precios no incluyen costos de env\u00edo.<\/p>\n","protected":false},"featured_media":591,"comment_status":"closed","ping_status":"closed","template":"","meta":[],"_links":{"self":[{"href":"http:\/\/www.bauser.cl\/index.php?rest_route=\/wp\/v2\/product\/590"}],"collection":[{"href":"http:\/\/www.bauser.cl\/index.php?rest_route=\/wp\/v2\/product"}],"about":[{"href":"http:\/\/www.bauser.cl\/index.php?rest_route=\/wp\/v2\/types\/product"}],"replies":[{"embeddable":true,"href":"http:\/\/www.bauser.cl\/index.php?rest_route=%2Fwp%2Fv2%2Fcomments&post=590"}],"wp:featuredmedia":[{"embeddable":true,"href":"http:\/\/www.bauser.cl\/index.php?rest_route=\/wp\/v2\/media\/591"}],"wp:attachment":[{"href":"http:\/\/www.bauser.cl\/index.php?rest_route=%2Fwp%2Fv2%2Fmedia&parent=590"}],"curies":[{"name":"wp","href":"https:\/\/api.w.org\/{rel}","templated":true}]}}