{"id":588,"date":"2014-05-13T04:03:24","date_gmt":"2014-05-13T08:03:24","guid":{"rendered":"http:\/\/www.bauser.cl\/?post_type=product&#038;p=588"},"modified":"2022-01-03T11:52:10","modified_gmt":"2022-01-03T15:52:10","slug":"lomos-de-ciervo-jabali","status":"publish","type":"product","link":"http:\/\/www.bauser.cl\/?product=lomos-de-ciervo-jabali","title":{"rendered":"Mix de Jam\u00f3n de Ciervo y Jabal\u00ed"},"content":{"rendered":"<p>Los Jamones vienen elaborados a partir de Piernas de de Ciervo y de Jabal\u00ed, que fueron curados en sal, madurados en oscuridad bajo condiciones de temperatura y humedad controladas y luego ahumados en frio con humo de le\u00f1as nativas del sur de Chile.<\/p>\n<p>De color del rojo caracter\u00edstico de las carnes del ciervo y del jabal\u00ed, su sabor es suave y jugoso, con aroma agradable. Consistente con su origen natural es m\u00e1s bajo en contenido graso y de colesterol y alto en prote\u00ednas. No tiene trazas de ning\u00fan producto artificial.<\/p>\n<p>Al ser productos curados en sal, no son recomendables para personas que deban seguir una dieta baja en Sodio.<\/p>\n","protected":false},"excerpt":{"rendered":"<p>Dos productos en un sachet. Ideal para degustar ambos productos al costo de uno.<\/p>\n<p>Su presentaci\u00f3n es en Sachet de 100 g con una mitad de finas l\u00e1minas de jam\u00f3n de Ciervo, una mitad de jam\u00f3n de Jabal\u00ed envasadas al vac\u00edo, listas para ser servidas en una tabla de aperitivos o en sandwich gourmet acompa\u00f1ado con hojas verdes tales como berros, r\u00faculas y aceite de oliva.<\/p>\n<p><strong>Instrucci\u00f3n de conservaci\u00f3n:<\/strong> Se puede conservar a temperatura ambiente, en un lugar fresco y seco. Una vez abierto se recomienda refrigerar y mantener tapado con film para evitar su deshidrataci\u00f3n.<\/p>\n<p>Antes de servir se sugiere dejar orear por algunos minutos, lo que facilitar\u00e1 la separaci\u00f3n de las l\u00e1minas.<\/p>\n<p><strong>Per\u00edodo de conservaci\u00f3n:<\/strong> 6 meses en su envase original a contar de la fecha de elaboraci\u00f3n impresa en la etiqueta.<\/p>\n<p>*Los precios incluyen el valor del IVA,<br \/>\n*Los precios no incluyen costos de env\u00edo.<\/p>\n","protected":false},"featured_media":587,"comment_status":"closed","ping_status":"closed","template":"","meta":[],"_links":{"self":[{"href":"http:\/\/www.bauser.cl\/index.php?rest_route=\/wp\/v2\/product\/588"}],"collection":[{"href":"http:\/\/www.bauser.cl\/index.php?rest_route=\/wp\/v2\/product"}],"about":[{"href":"http:\/\/www.bauser.cl\/index.php?rest_route=\/wp\/v2\/types\/product"}],"replies":[{"embeddable":true,"href":"http:\/\/www.bauser.cl\/index.php?rest_route=%2Fwp%2Fv2%2Fcomments&post=588"}],"wp:featuredmedia":[{"embeddable":true,"href":"http:\/\/www.bauser.cl\/index.php?rest_route=\/wp\/v2\/media\/587"}],"wp:attachment":[{"href":"http:\/\/www.bauser.cl\/index.php?rest_route=%2Fwp%2Fv2%2Fmedia&parent=588"}],"curies":[{"name":"wp","href":"https:\/\/api.w.org\/{rel}","templated":true}]}}