{"id":1092,"date":"2016-02-23T19:01:56","date_gmt":"2016-02-23T23:01:56","guid":{"rendered":"http:\/\/www.bauser.cl\/?post_type=product&#038;p=1092"},"modified":"2024-10-28T02:47:18","modified_gmt":"2024-10-28T06:47:18","slug":"chip-2","status":"publish","type":"product","link":"http:\/\/www.bauser.cl\/?product=chip-2","title":{"rendered":"Chip de Ciervo"},"content":{"rendered":"<p>Similar a\u00a0nuestro\u00a0charqui, estos hojuelas\u00a0de carne de ciervo deshidratada, fueron marinados en condimentos para carnes resultando un exquisito snack, rico en prote\u00ednas y bajo en grasas. No contiene sal y el sodio proviene exclusivamente de los condimentos. Es un producto crocante similar a una papa frita. Vienen en cajetillas de 50 gr lo que equivalen 192 gr de carne fresca.<\/p>\n<p>El Jerky de Ciervo es un producto parecido y se diferencia solamente en que en vez de hojuelas son tiritas de carne las que son un poco mas condimentadas.<\/p>\n<p>Duraci\u00f3n un a\u00f1o desde su fecha de elaboraci\u00f3n, si se mantiene en lugar fresco y seco. No necesita refrigeraci\u00f3n.<\/p>\n","protected":false},"excerpt":{"rendered":"<p>Hojuelas crocantes de Carne de Ciervo deshidratadas.<\/p>\n","protected":false},"featured_media":1082,"comment_status":"open","ping_status":"closed","template":"","meta":[],"_links":{"self":[{"href":"http:\/\/www.bauser.cl\/index.php?rest_route=\/wp\/v2\/product\/1092"}],"collection":[{"href":"http:\/\/www.bauser.cl\/index.php?rest_route=\/wp\/v2\/product"}],"about":[{"href":"http:\/\/www.bauser.cl\/index.php?rest_route=\/wp\/v2\/types\/product"}],"replies":[{"embeddable":true,"href":"http:\/\/www.bauser.cl\/index.php?rest_route=%2Fwp%2Fv2%2Fcomments&post=1092"}],"wp:featuredmedia":[{"embeddable":true,"href":"http:\/\/www.bauser.cl\/index.php?rest_route=\/wp\/v2\/media\/1082"}],"wp:attachment":[{"href":"http:\/\/www.bauser.cl\/index.php?rest_route=%2Fwp%2Fv2%2Fmedia&parent=1092"}],"curies":[{"name":"wp","href":"https:\/\/api.w.org\/{rel}","templated":true}]}}