{"id":1087,"date":"2016-02-22T16:30:43","date_gmt":"2016-02-22T20:30:43","guid":{"rendered":"http:\/\/www.bauser.cl\/?post_type=product&#038;p=1087"},"modified":"2025-01-02T10:03:45","modified_gmt":"2025-01-02T14:03:45","slug":"jerky","status":"publish","type":"product","link":"http:\/\/www.bauser.cl\/?product=jerky","title":{"rendered":"Jerky  de Ciervo"},"content":{"rendered":"<p>Similar a\u00a0nuestro\u00a0charqui, estos tiritas\u00a0de carne de ciervo deshidratadas, fueron marinados en condimentos para carnes resultando un exquisito snack, rico en proteinas y bajo en grasas. No contiene sal y el sodio proviene exclusivamente de los condimentos. Es un producto masticable que en Sudafrica se \u00a0conoce bajo el nombre de Biltong. Vienen en cajetillas de 70 gr lo que equivalen 194 gr de carne fresca.<\/p>\n<p>Los Chip de Ciervo son una variaci\u00f3n de la descripci\u00f3n anterior, que al ser carne laminada en finas hojuelas resulta m\u00e1s crocante y un poco menos condimentado. Vienen en cajetillas de 50 gr que equivalen a 192 gr de carne fresca.<\/p>\n<p>Duraci\u00f3n un a\u00f1o desde su fecha de elaboraci\u00f3n, si se mantiene en lugar fresco y seco. No necesita refrigeraci\u00f3n.<\/p>\n","protected":false},"excerpt":{"rendered":"<p>Snack de carne de ciervo marinada y deshidratada.<\/p>\n","protected":false},"featured_media":1082,"comment_status":"open","ping_status":"closed","template":"","meta":[],"_links":{"self":[{"href":"http:\/\/www.bauser.cl\/index.php?rest_route=\/wp\/v2\/product\/1087"}],"collection":[{"href":"http:\/\/www.bauser.cl\/index.php?rest_route=\/wp\/v2\/product"}],"about":[{"href":"http:\/\/www.bauser.cl\/index.php?rest_route=\/wp\/v2\/types\/product"}],"replies":[{"embeddable":true,"href":"http:\/\/www.bauser.cl\/index.php?rest_route=%2Fwp%2Fv2%2Fcomments&post=1087"}],"wp:featuredmedia":[{"embeddable":true,"href":"http:\/\/www.bauser.cl\/index.php?rest_route=\/wp\/v2\/media\/1082"}],"wp:attachment":[{"href":"http:\/\/www.bauser.cl\/index.php?rest_route=%2Fwp%2Fv2%2Fmedia&parent=1087"}],"curies":[{"name":"wp","href":"https:\/\/api.w.org\/{rel}","templated":true}]}}